{"id":6033,"date":"2025-09-16T18:39:30","date_gmt":"2025-09-16T17:39:30","guid":{"rendered":"https:\/\/www.martinasilvester.org\/?page_id=6033"},"modified":"2026-03-09T19:57:24","modified_gmt":"2026-03-09T18:57:24","slug":"cours","status":"publish","type":"page","link":"https:\/\/www.martinasilvester.org\/fr\/cours\/","title":{"rendered":"Cours"},"content":{"rendered":"\t\t<div data-elementor-type=\"wp-page\" data-elementor-id=\"6033\" class=\"elementor elementor-6033 elementor-5785\">\n\t\t\t\t\t\t<section class=\"elementor-section elementor-top-section elementor-element elementor-element-982b188 elementor-hidden-mobile elementor-section-boxed elementor-section-height-default elementor-section-height-default\" data-id=\"982b188\" data-element_type=\"section\" data-e-type=\"section\">\n\t\t\t\t\t\t<div class=\"elementor-container elementor-column-gap-wider\">\n\t\t\t\t\t<div class=\"elementor-column elementor-col-33 elementor-top-column elementor-element elementor-element-3a08e81\" data-id=\"3a08e81\" data-element_type=\"column\" data-e-type=\"column\">\n\t\t\t<div class=\"elementor-widget-wrap elementor-element-populated\">\n\t\t\t\t\t\t<div class=\"elementor-element elementor-element-7a3ee80 elementor-widget elementor-widget-image\" data-id=\"7a3ee80\" data-element_type=\"widget\" data-e-type=\"widget\" data-widget_type=\"image.default\">\n\t\t\t\t<div class=\"elementor-widget-container\">\n\t\t\t\t\t\t\t\t\t\t\t\t\t\t\t<img fetchpriority=\"high\" decoding=\"async\" width=\"900\" height=\"600\" src=\"https:\/\/www.martinasilvester.org\/wp-content\/uploads\/2025\/09\/SophiaHegewald_MartinaSilvester20250715174836-1-1024x683.jpg\" class=\"attachment-large size-large wp-image-5548\" alt=\"\" srcset=\"https:\/\/www.martinasilvester.org\/wp-content\/uploads\/2025\/09\/SophiaHegewald_MartinaSilvester20250715174836-1-1024x683.jpg 1024w, https:\/\/www.martinasilvester.org\/wp-content\/uploads\/2025\/09\/SophiaHegewald_MartinaSilvester20250715174836-1-300x200.jpg 300w, https:\/\/www.martinasilvester.org\/wp-content\/uploads\/2025\/09\/SophiaHegewald_MartinaSilvester20250715174836-1-768x512.jpg 768w, https:\/\/www.martinasilvester.org\/wp-content\/uploads\/2025\/09\/SophiaHegewald_MartinaSilvester20250715174836-1-1536x1024.jpg 1536w, https:\/\/www.martinasilvester.org\/wp-content\/uploads\/2025\/09\/SophiaHegewald_MartinaSilvester20250715174836-1-2048x1365.jpg 2048w\" sizes=\"(max-width: 900px) 100vw, 900px\" \/>\t\t\t\t\t\t\t\t\t\t\t\t\t\t\t<\/div>\n\t\t\t\t<\/div>\n\t\t\t\t\t<\/div>\n\t\t<\/div>\n\t\t\t\t<div class=\"elementor-column elementor-col-66 elementor-top-column elementor-element elementor-element-ce11996\" data-id=\"ce11996\" data-element_type=\"column\" data-e-type=\"column\">\n\t\t\t<div class=\"elementor-widget-wrap elementor-element-populated\">\n\t\t\t\t\t\t<div class=\"elementor-element elementor-element-a465042 elementor-widget elementor-widget-text-editor\" data-id=\"a465042\" data-element_type=\"widget\" data-e-type=\"widget\" data-widget_type=\"text-editor.default\">\n\t\t\t\t<div class=\"elementor-widget-container\">\n\t\t\t\t\t\t\t\t\t<h5><span style=\"color: #1a130b;\">Depuis de nombreuses ann\u00e9es, Martina Silvester donne des master classes et des ateliers en Allemagne et \u00e0 l&#8217;\u00e9tranger, notamment pour la Miyazawa Academy.<\/span><br><span style=\"color: #1a130b;\">En outre, elle propose r\u00e9guli\u00e8rement des cours en ligne qui permettent d&#8217;apprendre ind\u00e9pendamment du lieu o\u00f9 l&#8217;on se trouve.<\/span><br><span style=\"color: #1a130b;\">Les cours individuels ont lieu \u00e0 Munich, Paris et en ligne.<\/span><\/h5><h5><span lang=\"DE\" style=\"color: #1a130b;\">Enseignement possible en fran\u00e7ais, en allemand et en anglais.<\/span><\/h5>\t\t\t\t\t\t\t\t<\/div>\n\t\t\t\t<\/div>\n\t\t\t\t\t<\/div>\n\t\t<\/div>\n\t\t\t\t\t<\/div>\n\t\t<\/section>\n\t\t\t\t<section class=\"elementor-section elementor-top-section elementor-element elementor-element-fbb7104 elementor-hidden-desktop elementor-hidden-tablet elementor-section-boxed elementor-section-height-default elementor-section-height-default\" data-id=\"fbb7104\" data-element_type=\"section\" data-e-type=\"section\">\n\t\t\t\t\t\t<div class=\"elementor-container elementor-column-gap-default\">\n\t\t\t\t\t<div class=\"elementor-column elementor-col-100 elementor-top-column elementor-element elementor-element-1c33396\" data-id=\"1c33396\" data-element_type=\"column\" data-e-type=\"column\">\n\t\t\t<div class=\"elementor-widget-wrap elementor-element-populated\">\n\t\t\t\t\t\t<div class=\"elementor-element elementor-element-a1cbb0d elementor-widget elementor-widget-image\" data-id=\"a1cbb0d\" data-element_type=\"widget\" data-e-type=\"widget\" data-widget_type=\"image.default\">\n\t\t\t\t<div class=\"elementor-widget-container\">\n\t\t\t\t\t\t\t\t\t\t\t\t\t\t\t<img fetchpriority=\"high\" decoding=\"async\" width=\"900\" height=\"600\" src=\"https:\/\/www.martinasilvester.org\/wp-content\/uploads\/2025\/09\/SophiaHegewald_MartinaSilvester20250715174836-1-1024x683.jpg\" class=\"attachment-large size-large wp-image-5548\" alt=\"\" srcset=\"https:\/\/www.martinasilvester.org\/wp-content\/uploads\/2025\/09\/SophiaHegewald_MartinaSilvester20250715174836-1-1024x683.jpg 1024w, https:\/\/www.martinasilvester.org\/wp-content\/uploads\/2025\/09\/SophiaHegewald_MartinaSilvester20250715174836-1-300x200.jpg 300w, https:\/\/www.martinasilvester.org\/wp-content\/uploads\/2025\/09\/SophiaHegewald_MartinaSilvester20250715174836-1-768x512.jpg 768w, https:\/\/www.martinasilvester.org\/wp-content\/uploads\/2025\/09\/SophiaHegewald_MartinaSilvester20250715174836-1-1536x1024.jpg 1536w, https:\/\/www.martinasilvester.org\/wp-content\/uploads\/2025\/09\/SophiaHegewald_MartinaSilvester20250715174836-1-2048x1365.jpg 2048w\" sizes=\"(max-width: 900px) 100vw, 900px\" \/>\t\t\t\t\t\t\t\t\t\t\t\t\t\t\t<\/div>\n\t\t\t\t<\/div>\n\t\t\t\t<div class=\"elementor-element elementor-element-b845cde elementor-widget elementor-widget-text-editor\" data-id=\"b845cde\" data-element_type=\"widget\" data-e-type=\"widget\" data-widget_type=\"text-editor.default\">\n\t\t\t\t<div class=\"elementor-widget-container\">\n\t\t\t\t\t\t\t\t\t<h5><span style=\"color: #1a130b;\">Depuis de nombreuses ann\u00e9es, Martina Silvester donne des master classes et des ateliers en Allemagne et \u00e0 l&#8217;\u00e9tranger, notamment pour la Miyazawa Academy.<\/span><br><span style=\"color: #1a130b;\">En outre, elle propose r\u00e9guli\u00e8rement des cours en ligne qui permettent d&#8217;apprendre ind\u00e9pendamment du lieu o\u00f9 l&#8217;on se trouve.<\/span><br><span style=\"color: #1a130b;\">Les cours individuels ont lieu \u00e0 Munich, Paris et en ligne.<\/span><\/h5><h5><span lang=\"DE\" style=\"color: #1a130b;\">Enseignement possible en fran\u00e7ais, en allemand et en anglais.<\/span><\/h5>\t\t\t\t\t\t\t\t<\/div>\n\t\t\t\t<\/div>\n\t\t\t\t\t<\/div>\n\t\t<\/div>\n\t\t\t\t\t<\/div>\n\t\t<\/section>\n\t\t\t\t<section class=\"elementor-section elementor-top-section elementor-element elementor-element-9ceea8e elementor-section-boxed elementor-section-height-default elementor-section-height-default\" data-id=\"9ceea8e\" data-element_type=\"section\" data-e-type=\"section\">\n\t\t\t\t\t\t<div class=\"elementor-container elementor-column-gap-default\">\n\t\t\t\t\t<div class=\"elementor-column elementor-col-100 elementor-top-column elementor-element elementor-element-22f1680\" data-id=\"22f1680\" data-element_type=\"column\" data-e-type=\"column\">\n\t\t\t<div class=\"elementor-widget-wrap elementor-element-populated\">\n\t\t\t\t\t\t<div class=\"elementor-element elementor-element-09eba54 elementor-widget elementor-widget-accordion\" data-id=\"09eba54\" data-element_type=\"widget\" data-e-type=\"widget\" data-widget_type=\"accordion.default\">\n\t\t\t\t<div class=\"elementor-widget-container\">\n\t\t\t\t\t\t\t<div class=\"elementor-accordion\">\n\t\t\t\t\t\t\t<div class=\"elementor-accordion-item\">\n\t\t\t\t\t<h5 id=\"elementor-tab-title-1041\" class=\"elementor-tab-title\" data-tab=\"1\" role=\"button\" aria-controls=\"elementor-tab-content-1041\" aria-expanded=\"false\">\n\t\t\t\t\t\t\t\t\t\t\t\t\t<span class=\"elementor-accordion-icon elementor-accordion-icon-left\" aria-hidden=\"true\">\n\t\t\t\t\t\t\t\t\t\t\t\t\t\t\t<span class=\"elementor-accordion-icon-closed\"><i class=\"fas fa-plus\"><\/i><\/span>\n\t\t\t\t\t\t\t\t<span class=\"elementor-accordion-icon-opened\"><i class=\"fas fa-minus\"><\/i><\/span>\n\t\t\t\t\t\t\t\t\t\t\t\t\t\t<\/span>\n\t\t\t\t\t\t\t\t\t\t\t\t<a class=\"elementor-accordion-title\" tabindex=\"0\">Ateliers\/master classes : cours intensifs sur place avec \u00e9change direct<\/a>\n\t\t\t\t\t<\/h5>\n\t\t\t\t\t<div id=\"elementor-tab-content-1041\" class=\"elementor-tab-content elementor-clearfix\" data-tab=\"1\" role=\"region\" aria-labelledby=\"elementor-tab-title-1041\"><h5 style=\"font-weight: 400;\"><span style=\"color: #1a130b;\">Prochaine date : 7 novembre 2025 \u00e0 Nuremberg &#8211; Journ\u00e9es de la fl\u00fbte chez Musik Klier<\/span><\/h5>\n<\/div>\n\t\t\t\t<\/div>\n\t\t\t\t\t\t\t<div class=\"elementor-accordion-item\">\n\t\t\t\t\t<h5 id=\"elementor-tab-title-1042\" class=\"elementor-tab-title\" data-tab=\"2\" role=\"button\" aria-controls=\"elementor-tab-content-1042\" aria-expanded=\"false\">\n\t\t\t\t\t\t\t\t\t\t\t\t\t<span class=\"elementor-accordion-icon elementor-accordion-icon-left\" aria-hidden=\"true\">\n\t\t\t\t\t\t\t\t\t\t\t\t\t\t\t<span class=\"elementor-accordion-icon-closed\"><i class=\"fas fa-plus\"><\/i><\/span>\n\t\t\t\t\t\t\t\t<span class=\"elementor-accordion-icon-opened\"><i class=\"fas fa-minus\"><\/i><\/span>\n\t\t\t\t\t\t\t\t\t\t\t\t\t\t<\/span>\n\t\t\t\t\t\t\t\t\t\t\t\t<a class=\"elementor-accordion-title\" tabindex=\"0\">Cours en ligne : webinaires en direct que vous pouvez suivre confortablement depuis chez vous ou en d\u00e9placement<\/a>\n\t\t\t\t\t<\/h5>\n\t\t\t\t\t<div id=\"elementor-tab-content-1042\" class=\"elementor-tab-content elementor-clearfix\" data-tab=\"2\" role=\"region\" aria-labelledby=\"elementor-tab-title-1042\"><h5 style=\"font-weight: 400;\"><span style=\"color: #1a130b;\"><span style=\"text-decoration: underline;\">Prochaines dates<\/span><br \/>12 octobre 2025 \u00e0 11 heures &#8211; \u201e<span lang=\"DE\">Tenue de la fl\u00fbte : la cl\u00e9 du son, de la technique et de la respiration &#8211; <span style=\"color: #aa0021;\"><a style=\"color: #aa0021;\" href=\"https:\/\/www.bdb-online.de\/kurs\/miyazawa-academy-floetenhaltung\/\">www.bdb-online.de\/kurs\/miyazawa-academy-floetenhaltung\/<\/a><\/span><br \/>23 novembre 2025 \u00e0 11 heures &#8211; <\/span><span lang=\"DE\">\u201e\u00c9chauffement : comment s&#8217;\u00e9chauffer efficacement ?\u201c &#8211; <\/span><span style=\"color: #aa0021;\"><a style=\"color: #aa0021;\" href=\"https:\/\/www.bdb-online.de\/kurs\/miyazawa-academy-warm-up-floete\/\">www.bdb-online.de\/kurs\/miyazawa-academy-warm-up-floete\/<\/a><\/span><br \/>11 janvier 2026 \u00e0 11 heures &#8211; <span lang=\"DE\">\u201eRespiration\u201c &#8211; <\/span><span style=\"color: #aa0021;\"><a style=\"color: #aa0021;\" href=\"https:\/\/www.bdb-online.de\/kurs\/miyazawa-academy-atmung-floete\/\">www.bdb-online.de\/kurs\/miyazawa-academy-atmung-floete\/<\/a><\/span><\/span><\/h5>\n<h5 style=\"font-weight: 400;\"><span style=\"text-decoration: underline; color: #1a130b;\">Autres dates<\/span><br \/><span style=\"color: #1a130b;\">08. F\u00e9vrier 2026 \u00e0 11 heures.<\/span><br \/><span style=\"color: #1a130b;\">15 mars 2026 \u00e0 11 heures.<\/span><br \/><span style=\"color: #1a130b;\">26 avril 2026 \u00e0 11 heures.<\/span><\/h5>\n<\/div>\n\t\t\t\t<\/div>\n\t\t\t\t\t\t\t<div class=\"elementor-accordion-item\">\n\t\t\t\t\t<h5 id=\"elementor-tab-title-1043\" class=\"elementor-tab-title\" data-tab=\"3\" role=\"button\" aria-controls=\"elementor-tab-content-1043\" aria-expanded=\"false\">\n\t\t\t\t\t\t\t\t\t\t\t\t\t<span class=\"elementor-accordion-icon elementor-accordion-icon-left\" aria-hidden=\"true\">\n\t\t\t\t\t\t\t\t\t\t\t\t\t\t\t<span class=\"elementor-accordion-icon-closed\"><i class=\"fas fa-plus\"><\/i><\/span>\n\t\t\t\t\t\t\t\t<span class=\"elementor-accordion-icon-opened\"><i class=\"fas fa-minus\"><\/i><\/span>\n\t\t\t\t\t\t\t\t\t\t\t\t\t\t<\/span>\n\t\t\t\t\t\t\t\t\t\t\t\t<a class=\"elementor-accordion-title\" tabindex=\"0\">Cours particuliers : cours sur mesure pour des objectifs d'apprentissage individuels et des progr\u00e8s rapides<\/a>\n\t\t\t\t\t<\/h5>\n\t\t\t\t\t<div id=\"elementor-tab-content-1043\" class=\"elementor-tab-content elementor-clearfix\" data-tab=\"3\" role=\"region\" aria-labelledby=\"elementor-tab-title-1043\"><h5 style=\"font-weight: 400;\">Lieux de cours : Munich et Paris.<br \/>Contact : <span style=\"color: #aa0021;\">i&#110;&#102;&#x6f;&#x40;m&#97;&#114;&#x74;&#x69;&#x6e;a&#115;&#105;&#x6c;&#x76;es&#116;&#x65;&#x72;&#x2e;o&#114;&#103;<\/span><\/h5>\n<\/div>\n\t\t\t\t<\/div>\n\t\t\t\t\t\t\t<div class=\"elementor-accordion-item\">\n\t\t\t\t\t<h5 id=\"elementor-tab-title-1044\" class=\"elementor-tab-title\" data-tab=\"4\" role=\"button\" aria-controls=\"elementor-tab-content-1044\" aria-expanded=\"false\">\n\t\t\t\t\t\t\t\t\t\t\t\t\t<span class=\"elementor-accordion-icon elementor-accordion-icon-left\" aria-hidden=\"true\">\n\t\t\t\t\t\t\t\t\t\t\t\t\t\t\t<span class=\"elementor-accordion-icon-closed\"><i class=\"fas fa-plus\"><\/i><\/span>\n\t\t\t\t\t\t\t\t<span class=\"elementor-accordion-icon-opened\"><i class=\"fas fa-minus\"><\/i><\/span>\n\t\t\t\t\t\t\t\t\t\t\t\t\t\t<\/span>\n\t\t\t\t\t\t\t\t\t\t\t\t<a class=\"elementor-accordion-title\" tabindex=\"0\">Cours en ligne : la possibilit\u00e9 d'apprendre de mani\u00e8re professionnelle et personnalis\u00e9e, quel que soit l'endroit o\u00f9 vous vous trouvez<\/a>\n\t\t\t\t\t<\/h5>\n\t\t\t\t\t<div id=\"elementor-tab-content-1044\" class=\"elementor-tab-content elementor-clearfix\" data-tab=\"4\" role=\"region\" aria-labelledby=\"elementor-tab-title-1044\"><h5 style=\"font-weight: 400;\">Les cours ont lieu via Zoom.<br \/>Contact : <span style=\"color: #aa0021;\">i&#110;&#102;&#111;&#x40;&#x6d;&#x61;rt&#105;&#110;&#x61;&#x73;&#x69;&#x6c;ve&#115;&#116;&#x65;&#x72;&#x2e;&#x6f;r&#103;<\/span><\/h5>\n<\/div>\n\t\t\t\t<\/div>\n\t\t\t\t\t\t\t\t<\/div>\n\t\t\t\t\t\t<\/div>\n\t\t\t\t<\/div>\n\t\t\t\t\t<\/div>\n\t\t<\/div>\n\t\t\t\t\t<\/div>\n\t\t<\/section>\n\t\t\t\t<section class=\"elementor-section elementor-top-section elementor-element elementor-element-af25174 elementor-section-boxed elementor-section-height-default elementor-section-height-default\" data-id=\"af25174\" data-element_type=\"section\" data-e-type=\"section\">\n\t\t\t\t\t\t<div class=\"elementor-container elementor-column-gap-default\">\n\t\t\t\t\t<div class=\"elementor-column elementor-col-100 elementor-top-column elementor-element elementor-element-2e8e377\" data-id=\"2e8e377\" data-element_type=\"column\" data-e-type=\"column\">\n\t\t\t<div class=\"elementor-widget-wrap elementor-element-populated\">\n\t\t\t\t\t\t<div class=\"elementor-element elementor-element-7f466b5 elementor-pagination-position-inside elementor-arrows-position-inside elementor-widget elementor-widget-image-carousel\" data-id=\"7f466b5\" data-element_type=\"widget\" data-e-type=\"widget\" data-settings=\"{&quot;slides_to_show&quot;:&quot;1&quot;,&quot;navigation&quot;:&quot;both&quot;,&quot;autoplay&quot;:&quot;yes&quot;,&quot;pause_on_hover&quot;:&quot;yes&quot;,&quot;pause_on_interaction&quot;:&quot;yes&quot;,&quot;autoplay_speed&quot;:5000,&quot;infinite&quot;:&quot;yes&quot;,&quot;effect&quot;:&quot;slide&quot;,&quot;speed&quot;:500}\" data-widget_type=\"image-carousel.default\">\n\t\t\t\t<div class=\"elementor-widget-container\">\n\t\t\t\t\t\t\t<div class=\"elementor-image-carousel-wrapper swiper\" role=\"region\" aria-roledescription=\"carousel\" aria-label=\"Bild Karussell\" dir=\"ltr\">\n\t\t\t<div class=\"elementor-image-carousel swiper-wrapper\" aria-live=\"off\">\n\t\t\t\t\t\t\t\t<div class=\"swiper-slide\" role=\"group\" aria-roledescription=\"slide\" aria-label=\"1 sur 6\"><figure class=\"swiper-slide-inner\"><img decoding=\"async\" class=\"swiper-slide-image\" src=\"https:\/\/www.martinasilvester.org\/wp-content\/uploads\/2025\/09\/66EC6341-803E-4635-A660-3576ED2D9E04-768x1365.jpg\" alt=\"66EC6341-803E-4635-A660-3576ED2D9E04\" \/><\/figure><\/div><div class=\"swiper-slide\" role=\"group\" aria-roledescription=\"slide\" aria-label=\"2 sur 6\"><figure class=\"swiper-slide-inner\"><img decoding=\"async\" class=\"swiper-slide-image\" src=\"https:\/\/www.martinasilvester.org\/wp-content\/uploads\/2025\/09\/B5FFAECD-10D6-46B8-8757-B0AB6ACBC626-768x1365.jpg\" alt=\"B5FFAECD-10D6-46B8-8757-B0AB6ACBC626\" \/><\/figure><\/div><div class=\"swiper-slide\" role=\"group\" aria-roledescription=\"slide\" aria-label=\"3 sur 6\"><figure class=\"swiper-slide-inner\"><img decoding=\"async\" class=\"swiper-slide-image\" src=\"https:\/\/www.martinasilvester.org\/wp-content\/uploads\/2025\/09\/Querwind-1-768x512.jpg\" alt=\"Querwind\" \/><\/figure><\/div><div class=\"swiper-slide\" role=\"group\" aria-roledescription=\"slide\" aria-label=\"4 sur 6\"><figure class=\"swiper-slide-inner\"><img decoding=\"async\" class=\"swiper-slide-image\" src=\"https:\/\/www.martinasilvester.org\/wp-content\/uploads\/2025\/09\/Meisterkurs_1-768x1066.jpg\" alt=\"Meisterkurs_1\" \/><\/figure><\/div><div class=\"swiper-slide\" role=\"group\" aria-roledescription=\"slide\" aria-label=\"5 sur 6\"><figure class=\"swiper-slide-inner\"><img decoding=\"async\" class=\"swiper-slide-image\" src=\"https:\/\/www.martinasilvester.org\/wp-content\/uploads\/2025\/09\/Meisterkurs_4-768x576.jpg\" alt=\"Meisterkurs_4\" \/><\/figure><\/div><div class=\"swiper-slide\" role=\"group\" aria-roledescription=\"slide\" aria-label=\"6 sur 6\"><figure class=\"swiper-slide-inner\"><img decoding=\"async\" class=\"swiper-slide-image\" src=\"https:\/\/www.martinasilvester.org\/wp-content\/uploads\/2025\/09\/Meisterkurs_2-768x1086.jpg\" alt=\"Meisterkurs_2\" \/><\/figure><\/div>\t\t\t<\/div>\n\t\t\t\t\t\t\t\t\t\t\t\t<div class=\"elementor-swiper-button elementor-swiper-button-prev\" role=\"button\" tabindex=\"0\">\n\t\t\t\t\t\t<i aria-hidden=\"true\" class=\"eicon-chevron-left\"><\/i>\t\t\t\t\t<\/div>\n\t\t\t\t\t<div class=\"elementor-swiper-button elementor-swiper-button-next\" role=\"button\" tabindex=\"0\">\n\t\t\t\t\t\t<i aria-hidden=\"true\" class=\"eicon-chevron-right\"><\/i>\t\t\t\t\t<\/div>\n\t\t\t\t\n\t\t\t\t\t\t\t\t\t<div class=\"swiper-pagination\"><\/div>\n\t\t\t\t\t\t\t\t\t<\/div>\n\t\t\t\t\t\t<\/div>\n\t\t\t\t<\/div>\n\t\t\t\t\t<\/div>\n\t\t<\/div>\n\t\t\t\t\t<\/div>\n\t\t<\/section>\n\t\t\t\t<\/div>\n\t\t","protected":false},"excerpt":{"rendered":"<p>Depuis de nombreuses ann\u00e9es, Martina Silvester donne des master classes et des ateliers en Allemagne et \u00e0 l&#8217;\u00e9tranger, notamment pour la Miyazawa Academy.En outre, elle propose r\u00e9guli\u00e8rement des cours en ligne qui permettent d&#8217;apprendre ind\u00e9pendamment du lieu o\u00f9 l&#8217;on se&#8230;<\/p>\n","protected":false},"author":1,"featured_media":0,"parent":0,"menu_order":0,"comment_status":"closed","ping_status":"closed","template":"elementor_header_footer","meta":{"footnotes":""},"class_list":["post-6033","page","type-page","status-publish","hentry"],"_links":{"self":[{"href":"https:\/\/www.martinasilvester.org\/fr\/wp-json\/wp\/v2\/pages\/6033","targetHints":{"allow":["GET"]}}],"collection":[{"href":"https:\/\/www.martinasilvester.org\/fr\/wp-json\/wp\/v2\/pages"}],"about":[{"href":"https:\/\/www.martinasilvester.org\/fr\/wp-json\/wp\/v2\/types\/page"}],"author":[{"embeddable":true,"href":"https:\/\/www.martinasilvester.org\/fr\/wp-json\/wp\/v2\/users\/1"}],"replies":[{"embeddable":true,"href":"https:\/\/www.martinasilvester.org\/fr\/wp-json\/wp\/v2\/comments?post=6033"}],"version-history":[{"count":20,"href":"https:\/\/www.martinasilvester.org\/fr\/wp-json\/wp\/v2\/pages\/6033\/revisions"}],"predecessor-version":[{"id":9425,"href":"https:\/\/www.martinasilvester.org\/fr\/wp-json\/wp\/v2\/pages\/6033\/revisions\/9425"}],"wp:attachment":[{"href":"https:\/\/www.martinasilvester.org\/fr\/wp-json\/wp\/v2\/media?parent=6033"}],"curies":[{"name":"wp","href":"https:\/\/api.w.org\/{rel}","templated":true}]}}